{"id":14023,"date":"2022-09-14T10:56:31","date_gmt":"2022-09-14T09:56:31","guid":{"rendered":"https:\/\/www.analisiseinvestigacion.com\/sensors-open\/"},"modified":"2022-09-14T17:31:44","modified_gmt":"2022-09-14T16:31:44","slug":"sensors-open","status":"publish","type":"page","link":"http:\/\/old.analisiseinvestigacion.com\/en\/sensors-open\/","title":{"rendered":"Sensors Open"},"content":{"rendered":"<div class=\"wpb-content-wrapper\"><p>[vc_row lg_spacing=&#8221;padding_top:160;padding_bottom:40&#8243;][vc_column width=&#8221;2\/3&#8243; lg_spacing=&#8221;padding_right:40&#8243;][vc_column_text css=&#8221;.vc_custom_1615472251115{padding-bottom: 20px !important;}&#8221;]<\/p>\n<h2 style=\"padding-bottom: 1em; text-align: center;\"><span style=\"color: #ffffff; line-height: 1.4em; padding-bottom: 1em;\">Do you have a research need that requires an \u2018agile\u2019 response?<\/span><\/h2>\n<p>&nbsp;<\/p>\n<h5><span style=\"color: #ffffff; line-height: 1.8em; font-size: 0.9em;\">The solution is <span style=\"font-weight: 800; font-style: italic; font-size: 1.1em;\">Sensors Open<\/span>, an open digital community constituted by a representative sample of informants that allows us to address any research need through a qualitative panel and an online community. \u201cA different way of investigating, gaining in-depth understanding, and creating\u201d:<\/span><\/h5>\n<ul>\n<li style=\"color: white;\">\n<h5><span style=\"color: #ffffff; line-height: 2.7em; font-size: 0.9em; font-weight: normal;\">An <b>open digital community<\/b> formed by a <b>representative sample of informants<\/b> <\/span><\/h5>\n<\/li>\n<li style=\"color: white;\">\n<h5><span style=\"color: #ffffff; line-height: 2.7em; font-size: 0.9em; font-weight: normal;\"><b>We have proven and motivated panelists<\/b><\/span><\/h5>\n<\/li>\n<li style=\"color: white;\">\n<h5><span style=\"color: #ffffff; line-height: 2.7em; font-size: 0.9em; font-weight: normal;\">They allow the <b>incorporation of audiovisual discourse and ethnographic work<\/b><\/span><\/h5>\n<\/li>\n<li style=\"color: white;\">\n<h5><span style=\"color: #ffffff; line-height: 2.7em; font-size: 0.9em; font-weight: normal;\"><b>Panelists can perform tasks<\/b> to enrich the diagnosis<\/span><\/h5>\n<\/li>\n<li style=\"color: white;\">\n<h5><span style=\"color: #ffffff; line-height: 2.7em; font-size: 0.9em; font-weight: normal;\"><b>Constant feedback, flexibility and maximum agility<\/b><\/span><\/h5>\n<\/li>\n<li style=\"color: white;\">\n<h5><span style=\"color: #ffffff; line-height: 2.7em; font-size: 0.9em; font-weight: normal;\">A <b>team of analysts with the greatest expertise<\/b> in community management<\/span><\/h5>\n<\/li>\n<li style=\"color: white;\">\n<h5><span style=\"color: #ffffff; line-height: 2.7em; font-size: 0.9em; font-weight: normal;\">At a <b>cheaper cost<\/b><\/span><\/h5>\n<\/li>\n<li style=\"color: white;\">\n<h5><span style=\"color: #ffffff; line-height: 2.7em; font-size: 0.9em; font-weight: normal;\"><b>And all of the above with the service and guarantee of AeI<\/b><\/span><\/h5>\n<\/li>\n<\/ul>\n<h5 style=\"padding-top: 1em; padding-bottom: 1em;\"><span style=\"color: #ffffff; line-height: 1.5em;\">Enter your contact information to download the presentation:<\/span><\/h5>\n<p>[\/vc_column_text][tm_contact_form_7 id=&#8221;14072&#8243;][\/vc_column][vc_column width=&#8221;1\/3&#8243;][tm_image image=&#8221;4669&#8243;][\/vc_column][\/vc_row]<\/p>\n<\/div>","protected":false},"excerpt":{"rendered":"<p>[vc_row lg_spacing=&#8221;padding_top:160;padding_bottom:40&#8243;][vc_column width=&#8221;2\/3&#8243; lg_spacing=&#8221;padding_right:40&#8243;][vc_column_text css=&#8221;.vc_custom_1615472251115{padding-bottom: 20px !important;}&#8221;] Do you have a research need that requires an \u2018agile\u2019 response? &nbsp; The solution is Sensors Open, an open digital community constituted by a representative sample of informants that allows us to address any research need through a qualitative panel and an online community. \u201cA different way of investigating, gaining in-depth understanding, and creating\u201d: An open digital community formed by a representative sample of informants We have proven and motivated panelists They allow the incorporation of audiovisual discourse and ethnographic work Panelists can perform tasks to enrich the diagnosis Constant feedback, flexibility and maximum agility A team of analysts with the greatest expertise in community management At a cheaper cost And all of the above with the service and guarantee of AeI Enter your contact information to download the presentation: [\/vc_column_text][tm_contact_form_7 id=&#8221;14072&#8243;][\/vc_column][vc_column width=&#8221;1\/3&#8243;][tm_image image=&#8221;4669&#8243;][\/vc_column][\/vc_row]<\/p>\n","protected":false},"author":1,"featured_media":14020,"parent":0,"menu_order":0,"comment_status":"closed","ping_status":"closed","template":"","meta":{"footnotes":""},"yoast_head":"<!-- This site is optimized with the Yoast SEO plugin v21.3 - https:\/\/yoast.com\/wordpress\/plugins\/seo\/ -->\n<title>Sensors Open - Grupo An\u00e1lisis e Investigaci\u00f3n<\/title>\n<meta name=\"description\" content=\"Do you have a research need that requires an \u2018agile\u2019 response? The solution is Sensors Open, an open digital community constituted by a representative sample of informants that allows us to address any research need through a qualitative panel and an online community. A different way of investigating, gaining in-depth understanding, and creating\" \/>\n<meta name=\"robots\" content=\"index, follow, max-snippet:-1, max-image-preview:large, max-video-preview:-1\" \/>\n<link rel=\"canonical\" href=\"http:\/\/old.analisiseinvestigacion.com\/en\/sensors-open\/\" \/>\n<meta property=\"og:locale\" content=\"en_US\" \/>\n<meta property=\"og:type\" content=\"article\" \/>\n<meta property=\"og:title\" content=\"Sensors Open - Grupo An\u00e1lisis e Investigaci\u00f3n\" \/>\n<meta property=\"og:description\" content=\"Do you have a research need that requires an \u2018agile\u2019 response? The solution is Sensors Open, an open digital community constituted by a representative sample of informants that allows us to address any research need through a qualitative panel and an online community. A different way of investigating, gaining in-depth understanding, and creating\" \/>\n<meta property=\"og:url\" content=\"http:\/\/old.analisiseinvestigacion.com\/en\/sensors-open\/\" \/>\n<meta property=\"og:site_name\" content=\"Grupo An\u00e1lisis e Investigaci\u00f3n\" \/>\n<meta property=\"article:modified_time\" content=\"2022-09-14T16:31:44+00:00\" \/>\n<meta property=\"og:image\" content=\"http:\/\/old.analisiseinvestigacion.com\/wp-content\/uploads\/2021\/03\/SENSOR-OPEN-v2_1-234x1024.png\" \/>\n\t<meta property=\"og:image:width\" content=\"234\" \/>\n\t<meta property=\"og:image:height\" content=\"1024\" \/>\n\t<meta property=\"og:image:type\" content=\"image\/png\" \/>\n<meta name=\"twitter:card\" content=\"summary_large_image\" \/>\n<meta name=\"twitter:label1\" content=\"Est. reading time\" \/>\n\t<meta name=\"twitter:data1\" content=\"1 minute\" \/>\n<script type=\"application\/ld+json\" class=\"yoast-schema-graph\">{\"@context\":\"https:\/\/schema.org\",\"@graph\":[{\"@type\":\"WebPage\",\"@id\":\"http:\/\/old.analisiseinvestigacion.com\/en\/sensors-open\/\",\"url\":\"http:\/\/old.analisiseinvestigacion.com\/en\/sensors-open\/\",\"name\":\"Sensors Open - Grupo An\u00e1lisis e Investigaci\u00f3n\",\"isPartOf\":{\"@id\":\"http:\/\/old.analisiseinvestigacion.com\/#website\"},\"datePublished\":\"2022-09-14T09:56:31+00:00\",\"dateModified\":\"2022-09-14T16:31:44+00:00\",\"description\":\"Do you have a research need that requires an \u2018agile\u2019 response? The solution is Sensors Open, an open digital community constituted by a representative sample of informants that allows us to address any research need through a qualitative panel and an online community. A different way of investigating, gaining in-depth understanding, and creating\",\"breadcrumb\":{\"@id\":\"http:\/\/old.analisiseinvestigacion.com\/en\/sensors-open\/#breadcrumb\"},\"inLanguage\":\"en-US\",\"potentialAction\":[{\"@type\":\"ReadAction\",\"target\":[\"http:\/\/old.analisiseinvestigacion.com\/en\/sensors-open\/\"]}]},{\"@type\":\"BreadcrumbList\",\"@id\":\"http:\/\/old.analisiseinvestigacion.com\/en\/sensors-open\/#breadcrumb\",\"itemListElement\":[{\"@type\":\"ListItem\",\"position\":1,\"name\":\"Portada\",\"item\":\"http:\/\/old.analisiseinvestigacion.com\/en\/\"},{\"@type\":\"ListItem\",\"position\":2,\"name\":\"Sensors Open\"}]},{\"@type\":\"WebSite\",\"@id\":\"http:\/\/old.analisiseinvestigacion.com\/#website\",\"url\":\"http:\/\/old.analisiseinvestigacion.com\/\",\"name\":\"Grupo An\u00e1lisis e Investigaci\u00f3n\",\"description\":\"Estudios de mercado, marketing y opini\u00f3n\",\"potentialAction\":[{\"@type\":\"SearchAction\",\"target\":{\"@type\":\"EntryPoint\",\"urlTemplate\":\"http:\/\/old.analisiseinvestigacion.com\/?s={search_term_string}\"},\"query-input\":\"required name=search_term_string\"}],\"inLanguage\":\"en-US\"}]}<\/script>\n<!-- \/ Yoast SEO plugin. -->","yoast_head_json":{"title":"Sensors Open - Grupo An\u00e1lisis e Investigaci\u00f3n","description":"Do you have a research need that requires an \u2018agile\u2019 response? The solution is Sensors Open, an open digital community constituted by a representative sample of informants that allows us to address any research need through a qualitative panel and an online community. A different way of investigating, gaining in-depth understanding, and creating","robots":{"index":"index","follow":"follow","max-snippet":"max-snippet:-1","max-image-preview":"max-image-preview:large","max-video-preview":"max-video-preview:-1"},"canonical":"http:\/\/old.analisiseinvestigacion.com\/en\/sensors-open\/","og_locale":"en_US","og_type":"article","og_title":"Sensors Open - Grupo An\u00e1lisis e Investigaci\u00f3n","og_description":"Do you have a research need that requires an \u2018agile\u2019 response? The solution is Sensors Open, an open digital community constituted by a representative sample of informants that allows us to address any research need through a qualitative panel and an online community. A different way of investigating, gaining in-depth understanding, and creating","og_url":"http:\/\/old.analisiseinvestigacion.com\/en\/sensors-open\/","og_site_name":"Grupo An\u00e1lisis e Investigaci\u00f3n","article_modified_time":"2022-09-14T16:31:44+00:00","og_image":[{"width":234,"height":1024,"url":"http:\/\/old.analisiseinvestigacion.com\/wp-content\/uploads\/2021\/03\/SENSOR-OPEN-v2_1-234x1024.png","type":"image\/png"}],"twitter_card":"summary_large_image","twitter_misc":{"Est. reading time":"1 minute"},"schema":{"@context":"https:\/\/schema.org","@graph":[{"@type":"WebPage","@id":"http:\/\/old.analisiseinvestigacion.com\/en\/sensors-open\/","url":"http:\/\/old.analisiseinvestigacion.com\/en\/sensors-open\/","name":"Sensors Open - Grupo An\u00e1lisis e Investigaci\u00f3n","isPartOf":{"@id":"http:\/\/old.analisiseinvestigacion.com\/#website"},"datePublished":"2022-09-14T09:56:31+00:00","dateModified":"2022-09-14T16:31:44+00:00","description":"Do you have a research need that requires an \u2018agile\u2019 response? The solution is Sensors Open, an open digital community constituted by a representative sample of informants that allows us to address any research need through a qualitative panel and an online community. A different way of investigating, gaining in-depth understanding, and creating","breadcrumb":{"@id":"http:\/\/old.analisiseinvestigacion.com\/en\/sensors-open\/#breadcrumb"},"inLanguage":"en-US","potentialAction":[{"@type":"ReadAction","target":["http:\/\/old.analisiseinvestigacion.com\/en\/sensors-open\/"]}]},{"@type":"BreadcrumbList","@id":"http:\/\/old.analisiseinvestigacion.com\/en\/sensors-open\/#breadcrumb","itemListElement":[{"@type":"ListItem","position":1,"name":"Portada","item":"http:\/\/old.analisiseinvestigacion.com\/en\/"},{"@type":"ListItem","position":2,"name":"Sensors Open"}]},{"@type":"WebSite","@id":"http:\/\/old.analisiseinvestigacion.com\/#website","url":"http:\/\/old.analisiseinvestigacion.com\/","name":"Grupo An\u00e1lisis e Investigaci\u00f3n","description":"Estudios de mercado, marketing y opini\u00f3n","potentialAction":[{"@type":"SearchAction","target":{"@type":"EntryPoint","urlTemplate":"http:\/\/old.analisiseinvestigacion.com\/?s={search_term_string}"},"query-input":"required name=search_term_string"}],"inLanguage":"en-US"}]}},"_links":{"self":[{"href":"http:\/\/old.analisiseinvestigacion.com\/en\/wp-json\/wp\/v2\/pages\/14023"}],"collection":[{"href":"http:\/\/old.analisiseinvestigacion.com\/en\/wp-json\/wp\/v2\/pages"}],"about":[{"href":"http:\/\/old.analisiseinvestigacion.com\/en\/wp-json\/wp\/v2\/types\/page"}],"author":[{"embeddable":true,"href":"http:\/\/old.analisiseinvestigacion.com\/en\/wp-json\/wp\/v2\/users\/1"}],"replies":[{"embeddable":true,"href":"http:\/\/old.analisiseinvestigacion.com\/en\/wp-json\/wp\/v2\/comments?post=14023"}],"version-history":[{"count":2,"href":"http:\/\/old.analisiseinvestigacion.com\/en\/wp-json\/wp\/v2\/pages\/14023\/revisions"}],"predecessor-version":[{"id":14073,"href":"http:\/\/old.analisiseinvestigacion.com\/en\/wp-json\/wp\/v2\/pages\/14023\/revisions\/14073"}],"wp:featuredmedia":[{"embeddable":true,"href":"http:\/\/old.analisiseinvestigacion.com\/en\/wp-json\/wp\/v2\/media\/14020"}],"wp:attachment":[{"href":"http:\/\/old.analisiseinvestigacion.com\/en\/wp-json\/wp\/v2\/media?parent=14023"}],"curies":[{"name":"wp","href":"https:\/\/api.w.org\/{rel}","templated":true}]}}