{"id":14048,"date":"2022-09-14T15:37:56","date_gmt":"2022-09-14T14:37:56","guid":{"rendered":"https:\/\/www.analisiseinvestigacion.com\/customer-area\/"},"modified":"2022-09-14T17:20:11","modified_gmt":"2022-09-14T16:20:11","slug":"clients","status":"publish","type":"page","link":"https:\/\/old.analisiseinvestigacion.com\/en\/clients\/","title":{"rendered":"Clients"},"content":{"rendered":"<div class=\"wpb-content-wrapper\"><p>[vc_row full_height=&#8221;yes&#8221;][vc_column width=&#8221;1\/4&#8243;][\/vc_column][vc_column width=&#8221;1\/2&#8243;][vc_raw_html]JTNDZGl2JTIwY2xhc3MlM0QlMjJ3b29jb21tZXJjZSUyMiUzRSUwQSUwOSUzQ2gyJTIwc3R5bGUlM0QlMjJjb2xvciUzQXdoaXRlJTNCJTIyJTNFQ2xpZW50cyUzQyUyRmgyJTNFJTBBJTA5JTNDZm9ybSUyMGNsYXNzJTNEJTIyd29vY29tbWVyY2UtZm9ybSUyMHdvb2NvbW1lcmNlLWZvcm0tbG9naW4lMjBsb2dpbiUyMiUyMG1ldGhvZCUzRCUyMnBvc3QlMjIlMjBvbnN1Ym1pdCUzRCUyMnBlcmZvcm1Mb2dpbiUyOHRoaXMlMkNldmVudCUyOSUzQiUyMiUzRSUwQSUwOSUwOSUzQ3AlMjBjbGFzcyUzRCUyMndvb2NvbW1lcmNlLWZvcm0tcm93JTIwd29vY29tbWVyY2UtZm9ybS1yb3ctLXdpZGUlMjBmb3JtLXJvdyUyMGZvcm0tcm93LXdpZGUlMjIlM0UlMEElMDklMDklMDklM0NsYWJlbCUyMHN0eWxlJTNEJTIyY29sb3IlM0F3aGl0ZSUzQiUyMiUyMGZvciUzRCUyMnVzZXJuYW1lJTIyJTNFVXNlcm5hbWUlMjZuYnNwJTNCJTNDc3BhbiUyMGNsYXNzJTNEJTIycmVxdWlyZWQlMjIlM0UlMkElM0MlMkZzcGFuJTNFJTNDJTJGbGFiZWwlM0UlMjAlMEElMDklMDklMDklM0NpbnB1dCUyMHR5cGUlM0QlMjJ0ZXh0JTIyJTIwY2xhc3MlM0QlMjJ3b29jb21tZXJjZS1JbnB1dCUyMHdvb2NvbW1lcmNlLUlucHV0LS10ZXh0JTIwaW5wdXQtdGV4dCUyMiUyMG5hbWUlM0QlMjJ1c2VybmFtZSUyMiUyMGlkJTNEJTIydXNlcm5hbWUlMjIlMjBhdXRvY29tcGxldGUlM0QlMjJ1c2VybmFtZSUyMiUyMHZhbHVlJTNEJTIyJTIyJTNFJTBBJTA5JTA5JTNDJTJGcCUzRSUwQSUwOSUwOSUzQ3AlMjBjbGFzcyUzRCUyMndvb2NvbW1lcmNlLWZvcm0tcm93JTIwd29vY29tbWVyY2UtZm9ybS1yb3ctLXdpZGUlMjBmb3JtLXJvdyUyMGZvcm0tcm93LXdpZGUlMjIlM0UlMjAlMEElMDklMDklMDklM0NsYWJlbCUyMHN0eWxlJTNEJTIyY29sb3IlM0F3aGl0ZSUzQiUyMiUyMGZvciUzRCUyMnBhc3N3b3JkJTIyJTNFUGFzc3dvcmQlMjZuYnNwJTNCJTNDc3BhbiUyMGNsYXNzJTNEJTIycmVxdWlyZWQlMjIlM0UlMkElM0MlMkZzcGFuJTNFJTNDJTJGbGFiZWwlM0UlMEElMDklMDklMDklM0NpbnB1dCUyMGNsYXNzJTNEJTIyd29vY29tbWVyY2UtSW5wdXQlMjB3b29jb21tZXJjZS1JbnB1dC0tdGV4dCUyMGlucHV0LXRleHQlMjIlMjB0eXBlJTNEJTIycGFzc3dvcmQlMjIlMjBuYW1lJTNEJTIycGFzc3dvcmQlMjIlMjBpZCUzRCUyMnBhc3N3b3JkJTIyJTIwYXV0b2NvbXBsZXRlJTNEJTIyY3VycmVudC1wYXNzd29yZCUyMiUzRSUwQSUwOSUwOSUzQyUyRnAlM0UlMEElMDklMDklM0NwJTIwY2xhc3MlM0QlMjJmb3JtLXJvdyUyMiUyMHN0eWxlJTNEJTIydGV4dC1hbGlnbiUzQWNlbnRlciUzQnBhZGRpbmctdG9wJTNBNDBweCUzQiUyMiUzRSUyMCUwQSUwOSUwOSUwOSUzQ2J1dHRvbiUyMHR5cGUlM0QlMjJzdWJtaXQlMjIlMjBjbGFzcyUzRCUyMndvb2NvbW1lcmNlLWJ1dHRvbiUyMGJ1dHRvbiUyMHdvb2NvbW1lcmNlLWZvcm0tbG9naW5fX3N1Ym1pdCUyMiUyMG5hbWUlM0QlMjJsb2dpbiUyMiUyMHZhbHVlJTNEJTIyQWNjZWRlciUyMiUzRUFjY2VzcyUzQyUyRmJ1dHRvbiUzRSUwQSUwOSUwOSUzQyUyRnAlM0UlMEElMDklM0MlMkZmb3JtJTNFJTBBJTNDJTJGZGl2JTNF[\/vc_raw_html][\/vc_column][vc_column width=&#8221;1\/4&#8243;][\/vc_column][\/vc_row]<\/p>\n<\/div>","protected":false},"excerpt":{"rendered":"<p>[vc_row full_height=&#8221;yes&#8221;][vc_column width=&#8221;1\/4&#8243;][\/vc_column][vc_column width=&#8221;1\/2&#8243;][vc_raw_html]JTNDZGl2JTIwY2xhc3MlM0QlMjJ3b29jb21tZXJjZSUyMiUzRSUwQSUwOSUzQ2gyJTIwc3R5bGUlM0QlMjJjb2xvciUzQXdoaXRlJTNCJTIyJTNFQ2xpZW50cyUzQyUyRmgyJTNFJTBBJTA5JTNDZm9ybSUyMGNsYXNzJTNEJTIyd29vY29tbWVyY2UtZm9ybSUyMHdvb2NvbW1lcmNlLWZvcm0tbG9naW4lMjBsb2dpbiUyMiUyMG1ldGhvZCUzRCUyMnBvc3QlMjIlMjBvbnN1Ym1pdCUzRCUyMnBlcmZvcm1Mb2dpbiUyOHRoaXMlMkNldmVudCUyOSUzQiUyMiUzRSUwQSUwOSUwOSUzQ3AlMjBjbGFzcyUzRCUyMndvb2NvbW1lcmNlLWZvcm0tcm93JTIwd29vY29tbWVyY2UtZm9ybS1yb3ctLXdpZGUlMjBmb3JtLXJvdyUyMGZvcm0tcm93LXdpZGUlMjIlM0UlMEElMDklMDklMDklM0NsYWJlbCUyMHN0eWxlJTNEJTIyY29sb3IlM0F3aGl0ZSUzQiUyMiUyMGZvciUzRCUyMnVzZXJuYW1lJTIyJTNFVXNlcm5hbWUlMjZuYnNwJTNCJTNDc3BhbiUyMGNsYXNzJTNEJTIycmVxdWlyZWQlMjIlM0UlMkElM0MlMkZzcGFuJTNFJTNDJTJGbGFiZWwlM0UlMjAlMEElMDklMDklMDklM0NpbnB1dCUyMHR5cGUlM0QlMjJ0ZXh0JTIyJTIwY2xhc3MlM0QlMjJ3b29jb21tZXJjZS1JbnB1dCUyMHdvb2NvbW1lcmNlLUlucHV0LS10ZXh0JTIwaW5wdXQtdGV4dCUyMiUyMG5hbWUlM0QlMjJ1c2VybmFtZSUyMiUyMGlkJTNEJTIydXNlcm5hbWUlMjIlMjBhdXRvY29tcGxldGUlM0QlMjJ1c2VybmFtZSUyMiUyMHZhbHVlJTNEJTIyJTIyJTNFJTBBJTA5JTA5JTNDJTJGcCUzRSUwQSUwOSUwOSUzQ3AlMjBjbGFzcyUzRCUyMndvb2NvbW1lcmNlLWZvcm0tcm93JTIwd29vY29tbWVyY2UtZm9ybS1yb3ctLXdpZGUlMjBmb3JtLXJvdyUyMGZvcm0tcm93LXdpZGUlMjIlM0UlMjAlMEElMDklMDklMDklM0NsYWJlbCUyMHN0eWxlJTNEJTIyY29sb3IlM0F3aGl0ZSUzQiUyMiUyMGZvciUzRCUyMnBhc3N3b3JkJTIyJTNFUGFzc3dvcmQlMjZuYnNwJTNCJTNDc3BhbiUyMGNsYXNzJTNEJTIycmVxdWlyZWQlMjIlM0UlMkElM0MlMkZzcGFuJTNFJTNDJTJGbGFiZWwlM0UlMEElMDklMDklMDklM0NpbnB1dCUyMGNsYXNzJTNEJTIyd29vY29tbWVyY2UtSW5wdXQlMjB3b29jb21tZXJjZS1JbnB1dC0tdGV4dCUyMGlucHV0LXRleHQlMjIlMjB0eXBlJTNEJTIycGFzc3dvcmQlMjIlMjBuYW1lJTNEJTIycGFzc3dvcmQlMjIlMjBpZCUzRCUyMnBhc3N3b3JkJTIyJTIwYXV0b2NvbXBsZXRlJTNEJTIyY3VycmVudC1wYXNzd29yZCUyMiUzRSUwQSUwOSUwOSUzQyUyRnAlM0UlMEElMDklMDklM0NwJTIwY2xhc3MlM0QlMjJmb3JtLXJvdyUyMiUyMHN0eWxlJTNEJTIydGV4dC1hbGlnbiUzQWNlbnRlciUzQnBhZGRpbmctdG9wJTNBNDBweCUzQiUyMiUzRSUyMCUwQSUwOSUwOSUwOSUzQ2J1dHRvbiUyMHR5cGUlM0QlMjJzdWJtaXQlMjIlMjBjbGFzcyUzRCUyMndvb2NvbW1lcmNlLWJ1dHRvbiUyMGJ1dHRvbiUyMHdvb2NvbW1lcmNlLWZvcm0tbG9naW5fX3N1Ym1pdCUyMiUyMG5hbWUlM0QlMjJsb2dpbiUyMiUyMHZhbHVlJTNEJTIyQWNjZWRlciUyMiUzRUFjY2VzcyUzQyUyRmJ1dHRvbiUzRSUwQSUwOSUwOSUzQyUyRnAlM0UlMEElMDklM0MlMkZmb3JtJTNFJTBBJTNDJTJGZGl2JTNF[\/vc_raw_html][\/vc_column][vc_column width=&#8221;1\/4&#8243;][\/vc_column][\/vc_row]<\/p>\n","protected":false},"author":1,"featured_media":0,"parent":0,"menu_order":0,"comment_status":"closed","ping_status":"closed","template":"","meta":{"footnotes":""},"yoast_head":"<!-- This site is optimized with the Yoast SEO plugin v21.3 - https:\/\/yoast.com\/wordpress\/plugins\/seo\/ -->\n<title>Clients - Grupo An\u00e1lisis e Investigaci\u00f3n<\/title>\n<meta name=\"robots\" content=\"index, follow, max-snippet:-1, max-image-preview:large, max-video-preview:-1\" \/>\n<link rel=\"canonical\" href=\"https:\/\/old.analisiseinvestigacion.com\/en\/clients\/\" \/>\n<meta property=\"og:locale\" content=\"en_US\" \/>\n<meta property=\"og:type\" content=\"article\" \/>\n<meta property=\"og:title\" content=\"Clients - Grupo An\u00e1lisis e Investigaci\u00f3n\" \/>\n<meta property=\"og:description\" content=\"[vc_row full_height=&#8221;yes&#8221;][vc_column width=&#8221;1\/4&#8243;][\/vc_column][vc_column width=&#8221;1\/2&#8243;][vc_raw_html]JTNDZGl2JTIwY2xhc3MlM0QlMjJ3b29jb21tZXJjZSUyMiUzRSUwQSUwOSUzQ2gyJTIwc3R5bGUlM0QlMjJjb2xvciUzQXdoaXRlJTNCJTIyJTNFQ2xpZW50cyUzQyUyRmgyJTNFJTBBJTA5JTNDZm9ybSUyMGNsYXNzJTNEJTIyd29vY29tbWVyY2UtZm9ybSUyMHdvb2NvbW1lcmNlLWZvcm0tbG9naW4lMjBsb2dpbiUyMiUyMG1ldGhvZCUzRCUyMnBvc3QlMjIlMjBvbnN1Ym1pdCUzRCUyMnBlcmZvcm1Mb2dpbiUyOHRoaXMlMkNldmVudCUyOSUzQiUyMiUzRSUwQSUwOSUwOSUzQ3AlMjBjbGFzcyUzRCUyMndvb2NvbW1lcmNlLWZvcm0tcm93JTIwd29vY29tbWVyY2UtZm9ybS1yb3ctLXdpZGUlMjBmb3JtLXJvdyUyMGZvcm0tcm93LXdpZGUlMjIlM0UlMEElMDklMDklMDklM0NsYWJlbCUyMHN0eWxlJTNEJTIyY29sb3IlM0F3aGl0ZSUzQiUyMiUyMGZvciUzRCUyMnVzZXJuYW1lJTIyJTNFVXNlcm5hbWUlMjZuYnNwJTNCJTNDc3BhbiUyMGNsYXNzJTNEJTIycmVxdWlyZWQlMjIlM0UlMkElM0MlMkZzcGFuJTNFJTNDJTJGbGFiZWwlM0UlMjAlMEElMDklMDklMDklM0NpbnB1dCUyMHR5cGUlM0QlMjJ0ZXh0JTIyJTIwY2xhc3MlM0QlMjJ3b29jb21tZXJjZS1JbnB1dCUyMHdvb2NvbW1lcmNlLUlucHV0LS10ZXh0JTIwaW5wdXQtdGV4dCUyMiUyMG5hbWUlM0QlMjJ1c2VybmFtZSUyMiUyMGlkJTNEJTIydXNlcm5hbWUlMjIlMjBhdXRvY29tcGxldGUlM0QlMjJ1c2VybmFtZSUyMiUyMHZhbHVlJTNEJTIyJTIyJTNFJTBBJTA5JTA5JTNDJTJGcCUzRSUwQSUwOSUwOSUzQ3AlMjBjbGFzcyUzRCUyMndvb2NvbW1lcmNlLWZvcm0tcm93JTIwd29vY29tbWVyY2UtZm9ybS1yb3ctLXdpZGUlMjBmb3JtLXJvdyUyMGZvcm0tcm93LXdpZGUlMjIlM0UlMjAlMEElMDklMDklMDklM0NsYWJlbCUyMHN0eWxlJTNEJTIyY29sb3IlM0F3aGl0ZSUzQiUyMiUyMGZvciUzRCUyMnBhc3N3b3JkJTIyJTNFUGFzc3dvcmQlMjZuYnNwJTNCJTNDc3BhbiUyMGNsYXNzJTNEJTIycmVxdWlyZWQlMjIlM0UlMkElM0MlMkZzcGFuJTNFJTNDJTJGbGFiZWwlM0UlMEElMDklMDklMDklM0NpbnB1dCUyMGNsYXNzJTNEJTIyd29vY29tbWVyY2UtSW5wdXQlMjB3b29jb21tZXJjZS1JbnB1dC0tdGV4dCUyMGlucHV0LXRleHQlMjIlMjB0eXBlJTNEJTIycGFzc3dvcmQlMjIlMjBuYW1lJTNEJTIycGFzc3dvcmQlMjIlMjBpZCUzRCUyMnBhc3N3b3JkJTIyJTIwYXV0b2NvbXBsZXRlJTNEJTIyY3VycmVudC1wYXNzd29yZCUyMiUzRSUwQSUwOSUwOSUzQyUyRnAlM0UlMEElMDklMDklM0NwJTIwY2xhc3MlM0QlMjJmb3JtLXJvdyUyMiUyMHN0eWxlJTNEJTIydGV4dC1hbGlnbiUzQWNlbnRlciUzQnBhZGRpbmctdG9wJTNBNDBweCUzQiUyMiUzRSUyMCUwQSUwOSUwOSUwOSUzQ2J1dHRvbiUyMHR5cGUlM0QlMjJzdWJtaXQlMjIlMjBjbGFzcyUzRCUyMndvb2NvbW1lcmNlLWJ1dHRvbiUyMGJ1dHRvbiUyMHdvb2NvbW1lcmNlLWZvcm0tbG9naW5fX3N1Ym1pdCUyMiUyMG5hbWUlM0QlMjJsb2dpbiUyMiUyMHZhbHVlJTNEJTIyQWNjZWRlciUyMiUzRUFjY2VzcyUzQyUyRmJ1dHRvbiUzRSUwQSUwOSUwOSUzQyUyRnAlM0UlMEElMDklM0MlMkZmb3JtJTNFJTBBJTNDJTJGZGl2JTNF[\/vc_raw_html][\/vc_column][vc_column width=&#8221;1\/4&#8243;][\/vc_column][\/vc_row]\" \/>\n<meta property=\"og:url\" content=\"https:\/\/old.analisiseinvestigacion.com\/en\/clients\/\" \/>\n<meta property=\"og:site_name\" content=\"Grupo An\u00e1lisis e Investigaci\u00f3n\" \/>\n<meta property=\"article:modified_time\" content=\"2022-09-14T16:20:11+00:00\" \/>\n<meta name=\"twitter:card\" content=\"summary_large_image\" \/>\n<meta name=\"twitter:label1\" content=\"Est. reading time\" \/>\n\t<meta name=\"twitter:data1\" content=\"1 minute\" \/>\n<script type=\"application\/ld+json\" class=\"yoast-schema-graph\">{\"@context\":\"https:\/\/schema.org\",\"@graph\":[{\"@type\":\"WebPage\",\"@id\":\"https:\/\/old.analisiseinvestigacion.com\/en\/clients\/\",\"url\":\"https:\/\/old.analisiseinvestigacion.com\/en\/clients\/\",\"name\":\"Clients - Grupo An\u00e1lisis e Investigaci\u00f3n\",\"isPartOf\":{\"@id\":\"http:\/\/old.analisiseinvestigacion.com\/#website\"},\"datePublished\":\"2022-09-14T14:37:56+00:00\",\"dateModified\":\"2022-09-14T16:20:11+00:00\",\"breadcrumb\":{\"@id\":\"https:\/\/old.analisiseinvestigacion.com\/en\/clients\/#breadcrumb\"},\"inLanguage\":\"en-US\",\"potentialAction\":[{\"@type\":\"ReadAction\",\"target\":[\"https:\/\/old.analisiseinvestigacion.com\/en\/clients\/\"]}]},{\"@type\":\"BreadcrumbList\",\"@id\":\"https:\/\/old.analisiseinvestigacion.com\/en\/clients\/#breadcrumb\",\"itemListElement\":[{\"@type\":\"ListItem\",\"position\":1,\"name\":\"Portada\",\"item\":\"http:\/\/old.analisiseinvestigacion.com\/en\/\"},{\"@type\":\"ListItem\",\"position\":2,\"name\":\"Clients\"}]},{\"@type\":\"WebSite\",\"@id\":\"http:\/\/old.analisiseinvestigacion.com\/#website\",\"url\":\"http:\/\/old.analisiseinvestigacion.com\/\",\"name\":\"Grupo An\u00e1lisis e Investigaci\u00f3n\",\"description\":\"Estudios de mercado, marketing y opini\u00f3n\",\"potentialAction\":[{\"@type\":\"SearchAction\",\"target\":{\"@type\":\"EntryPoint\",\"urlTemplate\":\"http:\/\/old.analisiseinvestigacion.com\/?s={search_term_string}\"},\"query-input\":\"required name=search_term_string\"}],\"inLanguage\":\"en-US\"}]}<\/script>\n<!-- \/ Yoast SEO plugin. -->","yoast_head_json":{"title":"Clients - Grupo An\u00e1lisis e Investigaci\u00f3n","robots":{"index":"index","follow":"follow","max-snippet":"max-snippet:-1","max-image-preview":"max-image-preview:large","max-video-preview":"max-video-preview:-1"},"canonical":"https:\/\/old.analisiseinvestigacion.com\/en\/clients\/","og_locale":"en_US","og_type":"article","og_title":"Clients - Grupo An\u00e1lisis e Investigaci\u00f3n","og_description":"[vc_row full_height=&#8221;yes&#8221;][vc_column width=&#8221;1\/4&#8243;][\/vc_column][vc_column width=&#8221;1\/2&#8243;][vc_raw_html]JTNDZGl2JTIwY2xhc3MlM0QlMjJ3b29jb21tZXJjZSUyMiUzRSUwQSUwOSUzQ2gyJTIwc3R5bGUlM0QlMjJjb2xvciUzQXdoaXRlJTNCJTIyJTNFQ2xpZW50cyUzQyUyRmgyJTNFJTBBJTA5JTNDZm9ybSUyMGNsYXNzJTNEJTIyd29vY29tbWVyY2UtZm9ybSUyMHdvb2NvbW1lcmNlLWZvcm0tbG9naW4lMjBsb2dpbiUyMiUyMG1ldGhvZCUzRCUyMnBvc3QlMjIlMjBvbnN1Ym1pdCUzRCUyMnBlcmZvcm1Mb2dpbiUyOHRoaXMlMkNldmVudCUyOSUzQiUyMiUzRSUwQSUwOSUwOSUzQ3AlMjBjbGFzcyUzRCUyMndvb2NvbW1lcmNlLWZvcm0tcm93JTIwd29vY29tbWVyY2UtZm9ybS1yb3ctLXdpZGUlMjBmb3JtLXJvdyUyMGZvcm0tcm93LXdpZGUlMjIlM0UlMEElMDklMDklMDklM0NsYWJlbCUyMHN0eWxlJTNEJTIyY29sb3IlM0F3aGl0ZSUzQiUyMiUyMGZvciUzRCUyMnVzZXJuYW1lJTIyJTNFVXNlcm5hbWUlMjZuYnNwJTNCJTNDc3BhbiUyMGNsYXNzJTNEJTIycmVxdWlyZWQlMjIlM0UlMkElM0MlMkZzcGFuJTNFJTNDJTJGbGFiZWwlM0UlMjAlMEElMDklMDklMDklM0NpbnB1dCUyMHR5cGUlM0QlMjJ0ZXh0JTIyJTIwY2xhc3MlM0QlMjJ3b29jb21tZXJjZS1JbnB1dCUyMHdvb2NvbW1lcmNlLUlucHV0LS10ZXh0JTIwaW5wdXQtdGV4dCUyMiUyMG5hbWUlM0QlMjJ1c2VybmFtZSUyMiUyMGlkJTNEJTIydXNlcm5hbWUlMjIlMjBhdXRvY29tcGxldGUlM0QlMjJ1c2VybmFtZSUyMiUyMHZhbHVlJTNEJTIyJTIyJTNFJTBBJTA5JTA5JTNDJTJGcCUzRSUwQSUwOSUwOSUzQ3AlMjBjbGFzcyUzRCUyMndvb2NvbW1lcmNlLWZvcm0tcm93JTIwd29vY29tbWVyY2UtZm9ybS1yb3ctLXdpZGUlMjBmb3JtLXJvdyUyMGZvcm0tcm93LXdpZGUlMjIlM0UlMjAlMEElMDklMDklMDklM0NsYWJlbCUyMHN0eWxlJTNEJTIyY29sb3IlM0F3aGl0ZSUzQiUyMiUyMGZvciUzRCUyMnBhc3N3b3JkJTIyJTNFUGFzc3dvcmQlMjZuYnNwJTNCJTNDc3BhbiUyMGNsYXNzJTNEJTIycmVxdWlyZWQlMjIlM0UlMkElM0MlMkZzcGFuJTNFJTNDJTJGbGFiZWwlM0UlMEElMDklMDklMDklM0NpbnB1dCUyMGNsYXNzJTNEJTIyd29vY29tbWVyY2UtSW5wdXQlMjB3b29jb21tZXJjZS1JbnB1dC0tdGV4dCUyMGlucHV0LXRleHQlMjIlMjB0eXBlJTNEJTIycGFzc3dvcmQlMjIlMjBuYW1lJTNEJTIycGFzc3dvcmQlMjIlMjBpZCUzRCUyMnBhc3N3b3JkJTIyJTIwYXV0b2NvbXBsZXRlJTNEJTIyY3VycmVudC1wYXNzd29yZCUyMiUzRSUwQSUwOSUwOSUzQyUyRnAlM0UlMEElMDklMDklM0NwJTIwY2xhc3MlM0QlMjJmb3JtLXJvdyUyMiUyMHN0eWxlJTNEJTIydGV4dC1hbGlnbiUzQWNlbnRlciUzQnBhZGRpbmctdG9wJTNBNDBweCUzQiUyMiUzRSUyMCUwQSUwOSUwOSUwOSUzQ2J1dHRvbiUyMHR5cGUlM0QlMjJzdWJtaXQlMjIlMjBjbGFzcyUzRCUyMndvb2NvbW1lcmNlLWJ1dHRvbiUyMGJ1dHRvbiUyMHdvb2NvbW1lcmNlLWZvcm0tbG9naW5fX3N1Ym1pdCUyMiUyMG5hbWUlM0QlMjJsb2dpbiUyMiUyMHZhbHVlJTNEJTIyQWNjZWRlciUyMiUzRUFjY2VzcyUzQyUyRmJ1dHRvbiUzRSUwQSUwOSUwOSUzQyUyRnAlM0UlMEElMDklM0MlMkZmb3JtJTNFJTBBJTNDJTJGZGl2JTNF[\/vc_raw_html][\/vc_column][vc_column width=&#8221;1\/4&#8243;][\/vc_column][\/vc_row]","og_url":"https:\/\/old.analisiseinvestigacion.com\/en\/clients\/","og_site_name":"Grupo An\u00e1lisis e Investigaci\u00f3n","article_modified_time":"2022-09-14T16:20:11+00:00","twitter_card":"summary_large_image","twitter_misc":{"Est. reading time":"1 minute"},"schema":{"@context":"https:\/\/schema.org","@graph":[{"@type":"WebPage","@id":"https:\/\/old.analisiseinvestigacion.com\/en\/clients\/","url":"https:\/\/old.analisiseinvestigacion.com\/en\/clients\/","name":"Clients - Grupo An\u00e1lisis e Investigaci\u00f3n","isPartOf":{"@id":"http:\/\/old.analisiseinvestigacion.com\/#website"},"datePublished":"2022-09-14T14:37:56+00:00","dateModified":"2022-09-14T16:20:11+00:00","breadcrumb":{"@id":"https:\/\/old.analisiseinvestigacion.com\/en\/clients\/#breadcrumb"},"inLanguage":"en-US","potentialAction":[{"@type":"ReadAction","target":["https:\/\/old.analisiseinvestigacion.com\/en\/clients\/"]}]},{"@type":"BreadcrumbList","@id":"https:\/\/old.analisiseinvestigacion.com\/en\/clients\/#breadcrumb","itemListElement":[{"@type":"ListItem","position":1,"name":"Portada","item":"http:\/\/old.analisiseinvestigacion.com\/en\/"},{"@type":"ListItem","position":2,"name":"Clients"}]},{"@type":"WebSite","@id":"http:\/\/old.analisiseinvestigacion.com\/#website","url":"http:\/\/old.analisiseinvestigacion.com\/","name":"Grupo An\u00e1lisis e Investigaci\u00f3n","description":"Estudios de mercado, marketing y opini\u00f3n","potentialAction":[{"@type":"SearchAction","target":{"@type":"EntryPoint","urlTemplate":"http:\/\/old.analisiseinvestigacion.com\/?s={search_term_string}"},"query-input":"required name=search_term_string"}],"inLanguage":"en-US"}]}},"_links":{"self":[{"href":"https:\/\/old.analisiseinvestigacion.com\/en\/wp-json\/wp\/v2\/pages\/14048"}],"collection":[{"href":"https:\/\/old.analisiseinvestigacion.com\/en\/wp-json\/wp\/v2\/pages"}],"about":[{"href":"https:\/\/old.analisiseinvestigacion.com\/en\/wp-json\/wp\/v2\/types\/page"}],"author":[{"embeddable":true,"href":"https:\/\/old.analisiseinvestigacion.com\/en\/wp-json\/wp\/v2\/users\/1"}],"replies":[{"embeddable":true,"href":"https:\/\/old.analisiseinvestigacion.com\/en\/wp-json\/wp\/v2\/comments?post=14048"}],"version-history":[{"count":3,"href":"https:\/\/old.analisiseinvestigacion.com\/en\/wp-json\/wp\/v2\/pages\/14048\/revisions"}],"predecessor-version":[{"id":14068,"href":"https:\/\/old.analisiseinvestigacion.com\/en\/wp-json\/wp\/v2\/pages\/14048\/revisions\/14068"}],"wp:attachment":[{"href":"https:\/\/old.analisiseinvestigacion.com\/en\/wp-json\/wp\/v2\/media?parent=14048"}],"curies":[{"name":"wp","href":"https:\/\/api.w.org\/{rel}","templated":true}]}}